{"id":23,"date":"2024-08-30T03:23:20","date_gmt":"2024-08-30T08:23:20","guid":{"rendered":"https:\/\/colombiaconnections.co\/about\/"},"modified":"2024-11-21T07:26:31","modified_gmt":"2024-11-21T12:26:31","slug":"next-event","status":"publish","type":"page","link":"https:\/\/colombiaconnections.co\/es\/next-event\/","title":{"rendered":"PR\u00d3XIMO EVENTO"},"content":{"rendered":"<h2>NEXT EVENT STARTS IN&#8230;<\/h2>\n\n\n\n\n\n\n<h3>DON&#8217;T MISS OUR NEXT EVENT<\/h3>\n\n<p>Bienvenidos a Medell\u00edn<\/p><p><br><\/p><p>La ciudad de la \u201ceterna primavera\u201d por su clima ideal. Medell\u00edn ha sido reconocida por su gastronom\u00eda, la amabilidad de su gente y por supuesto sus hermosas mujeres.<\/p><p><br><\/p><p>El paisaje monta\u00f1oso, sus espectaculares vistas panor\u00e1micas y sus espacios verdes te enamorar\u00e1n a\u00fan m\u00e1s. Te mostraremos Medell\u00edn y tambi\u00e9n te ayudaremos a conectarte con el amor de tu vida.<\/p><p><br><\/p><p>La mujer \u201cpaisa\u201d de Medell\u00edn se distingue por su exuberante belleza y encanto. En Colombia, donde las mujeres bellas son la norma, las mujeres paisas destacan a\u00fan m\u00e1s por su extraordinaria apariencia.<\/p><p><br>Con nuestro tour podr\u00e1s conocer esta hermosa ciudad y establecer una conexi\u00f3n para una relaci\u00f3n seria, estable y duradera.<\/p><p><br><\/p><p>Nuestro recorrido:<br><br><\/p>\n\nTransportation to all Colombia Connection events and the airport\nHotel with breakfast included\nFormal social event that includes local cuisine dinner, opportunities to connect with women, translators on standby, and other activities\nTour of Medellin with your chosen date from the formal social event, translator included, if needed.\nCity tour in a double deck bus\nEnglish speaking tour guide for each event\nTasting of traditional Colombian drink tasting event\nTour of the main attractions of Medellin\nDay trip, accompanied by a date of your choosing from the event, translator included, if needed.\nA formal dinner with the date of your choosing, with a translator included, if needed.","protected":false},"excerpt":{"rendered":"","protected":false},"author":0,"featured_media":0,"parent":0,"menu_order":0,"comment_status":"closed","ping_status":"closed","template":"","meta":{"pagelayer_contact_templates":[],"_pagelayer_content":"","footnotes":""},"class_list":["post-23","page","type-page","status-publish","hentry"],"_links":{"self":[{"href":"https:\/\/colombiaconnections.co\/es\/wp-json\/wp\/v2\/pages\/23","targetHints":{"allow":["GET"]}}],"collection":[{"href":"https:\/\/colombiaconnections.co\/es\/wp-json\/wp\/v2\/pages"}],"about":[{"href":"https:\/\/colombiaconnections.co\/es\/wp-json\/wp\/v2\/types\/page"}],"replies":[{"embeddable":true,"href":"https:\/\/colombiaconnections.co\/es\/wp-json\/wp\/v2\/comments?post=23"}],"version-history":[{"count":65,"href":"https:\/\/colombiaconnections.co\/es\/wp-json\/wp\/v2\/pages\/23\/revisions"}],"predecessor-version":[{"id":676,"href":"https:\/\/colombiaconnections.co\/es\/wp-json\/wp\/v2\/pages\/23\/revisions\/676"}],"wp:attachment":[{"href":"https:\/\/colombiaconnections.co\/es\/wp-json\/wp\/v2\/media?parent=23"}],"curies":[{"name":"wp","href":"https:\/\/api.w.org\/{rel}","templated":true}]}}